{"id":2128,"date":"2024-03-16T18:53:46","date_gmt":"2024-03-16T17:53:46","guid":{"rendered":"https:\/\/interlinkand.com\/aviso-legal\/"},"modified":"2025-04-01T16:38:15","modified_gmt":"2025-04-01T14:38:15","slug":"avviso-legale","status":"publish","type":"page","link":"https:\/\/interlinkand.com\/it\/avviso-legale\/","title":{"rendered":"Avviso legale"},"content":{"rendered":"<h2>Propriet\u00e0 e scopo del sito web<\/h2>\n<p>In conformit\u00e0 con i requisiti della Legge 20\/2014, del 16 ottobre, che regola la contrattazione elettronica e gli operatori che svolgono la loro attivit\u00e0 economica in uno spazio digitale, ti informiamo che hai effettuato l&#8217;accesso a un sito web (di seguito, &#8220;il Sito&#8221;) il cui dominio nome <a href=\"https:\/\/interlinkand.com\/it\/\">www.interlinkand.com<\/a> \u00e8 di propriet\u00e0 della societ\u00e0 commerciale andorrana Linkwealth Consulting, SLU (di seguito, la \u201cSOCIETA&#8217;\u201d), debitamente registrata nel Registro delle Imprese del M.I. Governo di Andorra con numero 15193, con numero di registrazione fiscale L-710351-H e con numero di registrazione commerciale 925298-Y. La sua sede legale \u00e8 in Av. Carlemany 68, Escaldes Engordany, AD700 (Principato di Andorra).<\/p>\n<p>Scopo del Sito \u00e8 informare sui prodotti e servizi, sulle attivit\u00e0 e sulle altre iniziative della SOCIETA&#8217; (di seguito, congiuntamente, \u201cle Iniziative\u201d).<\/p>\n<p>Per qualsiasi domanda o reclamo in relazione al Sito o alle Iniziative, la SOCIETA&#8217; mette a disposizione l&#8217;e-mail di contatto <a href=\"mailto:albertorossi@interlinkand.com\" target=\"_blank\" rel=\"noopener\"> albertorossi@interlinkand.com <\/a> e il numero di telefono di contatto <a href=\"tel:+376862008\">+376 862 008<\/a>.<\/p>\n<h2>Accettazione dei Termini e Condizioni di utilizzo del Sito<\/h2>\n<p>L\u2019accesso al Sito implica la totale accettazione, da parte degli utenti, dei presenti termini e condizioni d\u2019uso, nonch\u00e9 della privacy policy e della \u201ccookie policy\u201d, tutte disponibili anche sul Sito (di seguito, congiuntamente, \u201cI Termini\u201d). e Condizioni\u201d).<\/p>\n<p>Allo stesso modo, gli utenti del Sito sono tenuti a fare un uso diligente dello stesso e dei contenuti in esso contenuti, in conformit\u00e0 con le disposizioni della legislazione vigente, nonch\u00e9 con buona fede e buon costume, e senza contravvenire alla moralit\u00e0 o all&#8217;ordine pubblico.<\/p>\n<p>Pertanto, tra gli altri, non \u00e8 consentito l&#8217;accesso o l&#8217;utilizzo del Sito per scopi illeciti, il che, a titolo esemplificativo e non esaustivo, \u00e8 vietato:<\/p>\n<ul>\n<li>Utilizzare il Sito Web in modo tale da causare danni, interruzioni, inefficienze o difetti nel suo funzionamento;<\/li>\n<li>Utilizzare il sito Web per la trasmissione, installazione o pubblicazione di virus, malware o altri programmi o file dannosi;<\/li>\n<li>Utilizzare il Sito Web per raccogliere, senza autorizzazione, dati personali di altri utenti;<\/li>\n<li>Accesso senza autorizzazione a reti o sistemi informativi collegati al Sito Web, tramite pirateria informatica o falsificazione, estrazione di password o qualsiasi altro mezzo illegittimo;<\/li>\n<li>Violare, o tentare di violare, le misure di sicurezza o di autenticazione del Sito Web o di qualsiasi rete o sistema informativo ad esso connesso, o le misure di sicurezza o protezione inerenti ai contenuti del Sito Web; o<\/li>\n<li>Eseguire qualsiasi azione che causi una saturazione sproporzionata o non necessaria dell&#8217;infrastruttura del sito Web o delle reti o dei sistemi informativi collegati al sito Web.<\/li>\n<\/ul>\n<h2>Riserva del potere di modificare e aggiornare i Termini e Condizioni di utilizzo del Sito<\/h2>\n<p>LA SOCIET\u00c0 si riserva il diritto di apportare, senza preavviso, in qualsiasi momento e con effetto immediato, le modifiche e gli aggiornamenti periodici che riterr\u00e0 opportuni ai Termini e Condizioni. Pertanto, la SOCIET\u00c0 raccomanda agli utenti del Sito di rivedere periodicamente i Termini e Condizioni.<\/p>\n<h2>Diritti e posizioni legali sui contenuti che compongono il Sito<\/h2>\n<h3>Definizione del termine &#8220;contenuto&#8221;<\/h3>\n<p>Ai fini dei Termini e Condizioni, con il termine \u201ccontenuti\u201d si intende tutto il contenuto che costituisce il Sito, inteso come tale, a titolo esemplificativo e non esaustivo, il codice sorgente, il design e la struttura di navigazione del Sito , nonch\u00e9 i segni distintivi, i video, le fotografie, le illustrazioni, la grafica, i testi, i dati e le altre informazioni visualizzate.<\/p>\n<h3>Diritti e posizioni legali sui contenuti<\/h3>\n<p>I contenuti sono soggetti ai diritti di propriet\u00e0 intellettuale, diritti di propriet\u00e0 industriale, diritti di immagine e\/o altri diritti o posizioni giuridiche di contenuto economico simile di propriet\u00e0 della SOCIET\u00c0 o di terzi che le abbiano concesso le relative licenze o autorizzazioni. Pertanto, l&#8217;accesso al Sito non conferisce agli utenti alcuna propriet\u00e0 o diritto di utilizzo dei contenuti (attraverso, tra l&#8217;altro, la riproduzione, distribuzione, comunicazione pubblica, messa a disposizione o trasformazione), a meno che la SOCIET\u00c0 o terzi titolari dei diritti o dei diritti legali posizioni in questione lo autorizzano sia indicandolo espressamente sul Sito sia mediante previe licenze o autorizzazioni scritte a tal fine.<\/p>\n<p>Pertanto, la SOCIET\u00c0 si riserva il diritto di utilizzare filigrane, dispositivi tecnologici o altri mezzi di sicurezza che consentano il tracciamento online o il monitoraggio di usi non autorizzati dei contenuti. E, in ogni caso, la SOCIET\u00c0 si riserva il diritto di intraprendere opportune azioni legali civili o penali contro gli utenti del Sito che violino i diritti di propriet\u00e0 intellettuale, i diritti di propriet\u00e0 industriale, i diritti di immagine o altri diritti o posizioni legali di contenuto economico simile che cadono sui contenuti.<\/p>\n<p>Nel caso in cui un utente ritenga che uno qualsiasi dei contenuti violi i diritti o le posizioni legali di terzi, dovr\u00e0 comunicarlo immediatamente alla SOCIET\u00c0 attraverso i mezzi di contatto o reclamo indicati nella sezione \u201cPropriet\u00e0 e scopo del Sito Web\u201d, in modo che questa societ\u00e0 potr\u00e0 analizzare e valutare il caso in questione.<\/p>\n<h2>Diritto di esclusione dal Sito<\/h2>\n<p>LA SOCIET\u00c0 si riserva il diritto di negare o sospendere, senza preavviso e a propria discrezione, in qualsiasi momento e in modo permanente o temporaneo, l&#8217;accesso al Sito agli utenti che non rispettino i Termini e Condizioni. Questo potere della SOCIETA&#8217; non pregiudica eventuali azioni legali civili o penali che potrebbero essere avviate contro gli utenti in questione.<\/p>\n<h2>Responsabilit\u00e0<\/h2>\n<h3>Responsabilit\u00e0 dell&#8217;utente<\/h3>\n<p>Gli utenti saranno gli unici responsabili dell&#8217;adozione di tutte le misure appropriate per proteggere i dispositivi e i programmi informatici associati attraverso i quali accedono al sito Web, tra gli altri, da virus, codici dannosi o altri programmi o file dannosi.<\/p>\n<p>Gli Utenti saranno gli unici responsabili dell&#8217;uso che faranno dei contenuti forniti attraverso il Sito.<\/p>\n<p>Nel caso in cui facciano domande o reclami alla SOCIETA&#8217; con le modalit\u00e0 previste nella sezione &#8220;Propriet\u00e0 e finalit\u00e0 del Sito&#8221;, gli utenti saranno responsabili degli eventuali danni causati alla Societ\u00e0 o a terzi per aver fornito dati o informazioni<br \/>\nfalso o impreciso.<\/p>\n<p>LA SOCIET\u00c0 non sar\u00e0 responsabile per eventuali danni causati agli utenti del Sito da programmi informatici dannosi, azioni di criminali informatici o altre interferenze illegittime da parte di terzi.<\/p>\n<p>LA SOCIET\u00c0 non esercita alcun controllo sui servizi, contenuti e\/o altri elementi a cui gli utenti del Sito possono accedere attraverso i dispositivi tecnici di link, directory o altri mezzi accessibili tramite il Sito (come Facebook, Instagram, Twitter , LinkedIn e simili). Pertanto, la SOCIET\u00c0 non sar\u00e0 responsabile della disponibilit\u00e0 tecnica, della qualit\u00e0 o dell&#8217;accuratezza, tra l&#8217;altro, dei servizi, dei contenuti e\/o degli altri elementi a cui si accede, n\u00e9 di eventuali danni o altre conseguenze che potrebbero derivarne del loro utilizzo. In nessun caso l&#8217;esistenza del suddetto accesso presuppone l&#8217;esistenza di accordi con i proprietari o i responsabili dei servizi, contenuti o altri elementi in questione, n\u00e9 la raccomandazione, promozione o identificazione della SOCIET\u00c0 con loro.<\/p>\n<p>Gli utenti che decidono di visitare e\/o utilizzare uno qualsiasi dei collegamenti di terze parti lo faranno a proprio rischio e dovranno adottare adeguate misure di protezione.<\/p>\n<p>Fatto salvo quanto sopra, nel caso in cui un utente ritenga che attraverso qualsiasi espediente tecnico di link, directory o altri mezzi accessibili tramite il Sito siano violati diritti o posizioni giuridiche di terzi, dovr\u00e0 comunicarlo immediatamente a la SOCIETA&#8217; attraverso le modalit\u00e0 di contatto o di reclamo indicate nella sezione \u201cTitolarit\u00e0 e finalit\u00e0 del presente sito web\u201d, affinch\u00e9 tale Societ\u00e0 possa analizzare e valutare il caso in questione.<\/p>\n<p>LA SOCIET\u00c0 pu\u00f2, temporaneamente o permanentemente, interrompere l&#8217;accesso al Sito Web, se non pu\u00f2 o semplicemente non vuole continuare a sfruttarlo; In questi casi, l&#8217;accesso dell&#8217;utente verr\u00e0 immediatamente annullato senza che l&#8217;utente possa pretendere la responsabilit\u00e0 della SOCIETA&#8217;.<\/p>\n<p>Allo stesso modo, la SOCIET\u00c0 si riserva il diritto, in qualsiasi momento e senza preavviso agli utenti, di modificare qualsiasi contenuto del Sito, o di aggiornare o correggere errori o inesattezze, senza che gli utenti possano ritenerla responsabile.<\/p>\n<p>Purch\u00e9 non contraddica quanto stabilito dalla normativa vigente, nel caso in cui, eventualmente, la SOCIETA&#8217; sia ritenuta responsabile per danni e perdite nei confronti degli utenti del Sito, la responsabilit\u00e0 della Societ\u00e0 sar\u00e0 limitata ai danni certi, reali e . calcestruzzo.<\/p>\n<p>Fermo restando quanto precede, la SOCIETA&#8217; non sar\u00e0 in nessun caso responsabile per danni o altre conseguenze derivanti dal mancato rispetto dei Termini e Condizioni da parte degli utenti.<\/p>\n<h2>Link al sito web<\/h2>\n<p>L&#8217;eventuale collegamento di terzi al Sito non pu\u00f2 comportare un uso scorretto dei suoi contenuti, a meno che i terzi in questione non abbiano ottenuto previa autorizzazione scritta da parte della SOCIET\u00c0.<\/p>\n<p>Allo stesso modo, la SOCIET\u00c0 vieta la creazione di collegamenti al Sito da altri siti web con contenuti contrari alla legge, alla buona fede, ai buoni costumi, alla morale o all&#8217;ordine pubblico.<\/p>\n<h2>Legge applicabile ai Termini e Condizioni e giurisdizione<\/h2>\n<p>I Termini e Condizioni saranno regolati dalla legislazione di Andorra.<\/p>\n<p>Gli utenti del sito Web si sottomettono alla giurisdizione di Andorra, rinunciando espressamente a qualsiasi altra giurisdizione che, secondo la legge, potrebbe corrispondere a loro.<\/p>\n<p>Quanto sopra non pregiudica il fatto che, a causa dello status di consumatore di un utente, altre leggi e\/o giurisdizioni potrebbero essere applicabili per imperativo legale.<\/p>\n<p style=\"text-align: center;\"><strong>Ultimo aggiornamento: 1 aprile 2024<\/strong><\/p>\n","protected":false},"excerpt":{"rendered":"<p>Propriet\u00e0 e scopo del sito web In conformit\u00e0 con i requisiti della Legge 20\/2014, del 16 ottobre, che regola la [&hellip;]<\/p>\n","protected":false},"author":1,"featured_media":1981,"parent":0,"menu_order":0,"comment_status":"closed","ping_status":"closed","template":"textos-legales.php","meta":{"site-sidebar-layout":"default","site-content-layout":"","ast-site-content-layout":"default","site-content-style":"default","site-sidebar-style":"default","ast-global-header-display":"","ast-banner-title-visibility":"","ast-main-header-display":"","ast-hfb-above-header-display":"","ast-hfb-below-header-display":"","ast-hfb-mobile-header-display":"","site-post-title":"","ast-breadcrumbs-content":"","ast-featured-img":"","footer-sml-layout":"","ast-disable-related-posts":"","theme-transparent-header-meta":"default","adv-header-id-meta":"","stick-header-meta":"default","header-above-stick-meta":"","header-main-stick-meta":"","header-below-stick-meta":"","astra-migrate-meta-layouts":"set","ast-page-background-enabled":"default","ast-page-background-meta":{"desktop":{"background-color":"var(--ast-global-color-4)","background-image":"","background-repeat":"repeat","background-position":"center center","background-size":"auto","background-attachment":"scroll","background-type":"","background-media":"","overlay-type":"","overlay-color":"","overlay-opacity":"","overlay-gradient":""},"tablet":{"background-color":"","background-image":"","background-repeat":"repeat","background-position":"center center","background-size":"auto","background-attachment":"scroll","background-type":"","background-media":"","overlay-type":"","overlay-color":"","overlay-opacity":"","overlay-gradient":""},"mobile":{"background-color":"","background-image":"","background-repeat":"repeat","background-position":"center center","background-size":"auto","background-attachment":"scroll","background-type":"","background-media":"","overlay-type":"","overlay-color":"","overlay-opacity":"","overlay-gradient":""}},"ast-content-background-meta":{"desktop":{"background-color":"var(--ast-global-color-5)","background-image":"","background-repeat":"repeat","background-position":"center center","background-size":"auto","background-attachment":"scroll","background-type":"","background-media":"","overlay-type":"","overlay-color":"","overlay-opacity":"","overlay-gradient":""},"tablet":{"background-color":"var(--ast-global-color-5)","background-image":"","background-repeat":"repeat","background-position":"center center","background-size":"auto","background-attachment":"scroll","background-type":"","background-media":"","overlay-type":"","overlay-color":"","overlay-opacity":"","overlay-gradient":""},"mobile":{"background-color":"var(--ast-global-color-5)","background-image":"","background-repeat":"repeat","background-position":"center center","background-size":"auto","background-attachment":"scroll","background-type":"","background-media":"","overlay-type":"","overlay-color":"","overlay-opacity":"","overlay-gradient":""}},"footnotes":""},"class_list":["post-2128","page","type-page","status-publish","has-post-thumbnail","hentry"],"_links":{"self":[{"href":"https:\/\/interlinkand.com\/it\/wp-json\/wp\/v2\/pages\/2128","targetHints":{"allow":["GET"]}}],"collection":[{"href":"https:\/\/interlinkand.com\/it\/wp-json\/wp\/v2\/pages"}],"about":[{"href":"https:\/\/interlinkand.com\/it\/wp-json\/wp\/v2\/types\/page"}],"author":[{"embeddable":true,"href":"https:\/\/interlinkand.com\/it\/wp-json\/wp\/v2\/users\/1"}],"replies":[{"embeddable":true,"href":"https:\/\/interlinkand.com\/it\/wp-json\/wp\/v2\/comments?post=2128"}],"version-history":[{"count":1,"href":"https:\/\/interlinkand.com\/it\/wp-json\/wp\/v2\/pages\/2128\/revisions"}],"predecessor-version":[{"id":2464,"href":"https:\/\/interlinkand.com\/it\/wp-json\/wp\/v2\/pages\/2128\/revisions\/2464"}],"wp:featuredmedia":[{"embeddable":true,"href":"https:\/\/interlinkand.com\/it\/wp-json\/wp\/v2\/media\/1981"}],"wp:attachment":[{"href":"https:\/\/interlinkand.com\/it\/wp-json\/wp\/v2\/media?parent=2128"}],"curies":[{"name":"wp","href":"https:\/\/api.w.org\/{rel}","templated":true}]}}