{"id":2136,"date":"2024-03-16T20:51:16","date_gmt":"2024-03-16T19:51:16","guid":{"rendered":"https:\/\/interlinkand.com\/politica-privacidad\/"},"modified":"2025-04-01T16:38:36","modified_gmt":"2025-04-01T14:38:36","slug":"politica-riservatezza","status":"publish","type":"page","link":"https:\/\/interlinkand.com\/it\/politica-riservatezza\/","title":{"rendered":"Politica sulla Riservatezza"},"content":{"rendered":"<h2>1. Responsabile del trattamento<\/h2>\n<ul>\n<li><strong>Proprietario:<\/strong> Linkwealth Consulting, SLU (di seguito, &#8220;LINKWEALTH CONSULTING&#8221;)<\/li>\n<li><strong>Indirizzo:<\/strong> Av. Carlemany 68, Escaldes Engordany, AD700 (Principato di Andorra)<\/li>\n<li><strong>NRT:<\/strong> L-710351-H<\/li>\n<li><strong>Telefono:<\/strong> <a href=\"tel:+376812063\">+376 812 063<\/a><\/li>\n<li><strong>E-mail:<\/strong> <a href=\"mailto:albertorossi@interlinkand.com\" target=\"_blank\" rel=\"nofollow noopener\">albertorossi@interlinkand.com<\/a>&lt;\/li &gt;<\/li>\n<li><strong>Responsabile della protezione dei dati:<\/strong> Alberto Rossi<\/li>\n<\/ul>\n<h2>2. Finalit\u00e0 del trattamento dei dati personali, basi legittimanti e categorie di dati personali trattati<\/h2>\n<h3>2.1. Finalit\u00e0 dei trattamenti:<\/h3>\n<p>LINKWEALTH CONSULTING tratter\u00e0 i tuoi dati personali, manualmente e\/o automatizzati, per le seguenti specifiche finalit\u00e0:<\/p>\n<h4>a. Contatto e servizio clienti<\/h4>\n<p>Attraverso il modulo e l&#8217;e-mail di contatto indicati sia sul sito LINKWEALTH CONSULTING che nella presente Privacy Policy, sia nel servizio clienti o sui social network, LINKWEALTH CONSULTING raccoglier\u00e0 e tratter\u00e0 i tuoi dati personali, se necessario, al fine di gestire correttamente le tue richieste informazioni o diritti e vostre domande o reclami;<\/p>\n<p><strong>Dati personali richiesti:<\/strong> Nomi, cognomi, indirizzo email e numero di telefono<\/p>\n<h4>b. Analisi dell&#8217;uso, del funzionamento e del miglioramento del Web<\/h4>\n<p>Attraverso i cookie e altre tecnologie di tracciamento che LINKWEALTH CONSULTING inserisce sul tuo dispositivo, tenendo sempre conto delle indicazioni del tuo consenso, LINKWEALTH CONSULTING raccoglier\u00e0 e tratter\u00e0 i tuoi dati personali per migliorare la tua esperienza e i nostri servizi analizzando la tua navigazione e il modo in cui interagisci con noi attraverso questo sito Web e anche per poterti mostrare pubblicit\u00e0 in base alle tue abitudini di navigazione. Per ulteriori informazioni, consultare la nostra politica sui cookie.<\/p>\n<p><strong>Dati personali richiesti:<\/strong> indirizzo IP, processi avviati e abbandonati, tipo di dispositivo con cui si accede al nostro sito Web, tempo trascorso su di esso, pagina Web visitata in precedenza, browser, posizione e paese, sistema operativo, tra gli altri .<\/p>\n<h4>c. Invio di comunicazioni pubblicitarie in formato elettronico<\/h4>\n<p>LINKWEALTH CONSULTING raccoglier\u00e0 e tratter\u00e0 i tuoi dati personali per inviare informazioni via e-mail per scopi pubblicitari e promozionali sui suoi prodotti, novit\u00e0, promozioni e lotterie.<\/p>\n<p><strong>Dati personali richiesti:<\/strong> nome, cognome, email e numero di telefono.<\/p>\n<h4>d. Formalizzare l&#8217;acquisizione e la fornitura di prodotti<\/h4>\n<p>Attraverso il modulo di acquisto, LINKWEALTH CONSULTING tratter\u00e0 i tuoi dati personali per il suo corretto trattamento: l&#8217;acquisizione dei prodotti, la gestione del processo di pagamento, nonch\u00e9 l&#8217;insorgere di qualsiasi incidente relativo alla sua fornitura.<\/p>\n<p><strong>Dati personali richiesti:<\/strong> nome, cognome, numero di telefono, email, indirizzo di residenza, elaborazione di reclami e\/o resi, storico degli acquisti e mezzi di pagamento.<\/p>\n<h4>e. Esercizio dei diritti<\/h4>\n<p>LINKWEALTH CONSULTING tratter\u00e0 i tuoi dati di contatto per autenticare, per quanto possibile, la validit\u00e0 delle richieste di esercizio dei diritti (vedi sezione 4 della presente informativa sulla privacy) e per informarti di qualsiasi violazione della sicurezza che possa comportare un rischio elevato per i propri diritti e libert\u00e0.<\/p>\n<p><strong>Dati personali richiesti:<\/strong> nome, cognome, email e numero di telefono.<\/p>\n<h3>2.2. Basi legittimanti del trattamento<\/h3>\n<p>I tuoi dati personali potranno essere trattati in conformit\u00e0 ad una o pi\u00f9 delle seguenti basi giuridiche:<\/p>\n<ol>\n<li>Il <strong>consenso inequivocabile<\/strong> che esprimi quando ci contatti tramite i moduli e le e-mail che questo sito Web ti mette a disposizione, insieme al nostro legittimo interesse a rispondere alla tua richiesta, domanda o reclamo;&lt;\/strong &gt;li&gt;<\/li>\n<li>Il <strong>consenso esplicito<\/strong> che ci dai per consentirci di scaricare sul dispositivo con cui accedi a questo sito Web i cookie (cookie e altre tecnologie di tracciamento) che non sono necessari per il corretto funzionamento di questo Sito web.<\/li>\n<li>Per <strong>concludere il contratto<\/strong> dal momento in cui accetti espressamente le Condizioni Generali di Contratto, queste diventano parte integrante del contratto di acquisto dei prodotti che stipuli con LINKWEALTH CONSULTING. Per ottemperare a quanto previsto dalle Condizioni Generali di Contratto \u00e8 necessario raccogliere i tuoi dati personali. L&#8217;eventuale rifiuto di fornire i dati necessari comporter\u00e0 l&#8217;impossibilit\u00e0 di procedere effettivamente all&#8217;acquisto del prodotto richiesto.<\/li>\n<li>Il <strong>rispetto degli obblighi legali<\/strong> che LINKWEALTH CONSULTING deve rispettare in qualit\u00e0 di responsabile del trattamento dei tuoi dati personali.<\/li>\n<\/ol>\n<h3>2.3. Periodo di conservazione dei dati<\/h3>\n<p>Generalmente, i tuoi dati personali saranno conservati per il periodo necessario al raggiungimento delle finalit\u00e0 stabilite nella presente privacy policy. Successivamente, i tuoi dati personali saranno conservati per il tempo necessario allo scadere delle responsabilit\u00e0 legali derivanti dal trattamento in questione, in conformit\u00e0 alla normativa applicabile. Trascorso tale periodo, tutti i dati personali degli utenti e\/o clienti verranno cancellati.<\/p>\n<h3>2.4. Disposizioni relative al trattamento dei dati personali di minori e\/o di terzi<\/h3>\n<ol>\n<li>I dati personali che non sono di titolarit\u00e0 del soggetto che li fornisce non possono essere forniti. Tuttavia, se ci\u00f2 \u00e8 giustificabile, la persona che fornisce i dati personali si assume la responsabilit\u00e0 di informare preventivamente il proprietario dei dati di tutto quanto previsto nella presente informativa sulla privacy.<\/li>\n<li>Nei casi di trattamento di dati personali di un minore, garantisce a LINKWEALTH CONSULTING di avere l&#8217;autorizzazione dei titolari della sua potest\u00e0 genitoriale o di tutela affinch\u00e9 LINKWEALTH CONSULTING tratti i suddetti dati personali conformemente a quanto stabilito nel presente politica sulla riservatezza. Allo stesso modo, nei casi di trattamento di dati personali di una persona i cui diritti sono limitati, egli garantisce a LINKWEALTH CONSULTING di avere l&#8217;autorizzazione dei titolari della sua tutela o tutela affinch\u00e9 LINKWEALTH CONSULTING tratti i suddetti dati personali in conformit\u00e0 con quanto stabilito stabilito nella presente informativa sulla privacy.<\/li>\n<\/ol>\n<h2>3. Categorie di Destinatari, Tra cui Fornitori di Servizi e Trasferimenti verso Paesi Terzi o Organizzazioni Internazionali<\/h2>\n<p>Qualora fosse necessario per il perseguimento delle finalit\u00e0 sopra indicate, i tuoi dati personali potranno essere comunicati alle seguenti categorie di destinatari:<\/p>\n<ol>\n<li>Fornitori di servizi LINKWEALTH CONSULTING che devono trattare i tuoi dati personali in relazione allo scopo in questione, cosa che faranno secondo le istruzioni di LINKWEALTH CONSULTING e in conformit\u00e0 con la presente informativa sulla privacy e qualsiasi misura di sicurezza e riservatezza adeguata per stabilire tale entit\u00e0 ;<\/li>\n<li>Terzi che non hanno alcun rapporto con LINKWEALTH CONSULTING, se LINKWEALTH CONSULTING identifica, in buona fede, la necessit\u00e0 di effettuare la comunicazione in questione per: (1) rispettare qualsiasi legge, altro regolamento o procedura legale; (2) e\/o rilevare, prevenire o altrimenti affrontare frodi, problemi di sicurezza o tecnici; (3) applicare i termini e le condizioni del prodotto acquistato, inclusa l&#8217;indagine su possibili violazioni.<\/li>\n<li>Pubbliche Amministrazioni competenti, nei casi previsti dalla Legge e per le finalit\u00e0 dalla stessa definite.<\/li>\n<\/ol>\n<p>LINKWEALTH CONSULTING non effettua trasferimenti internazionali di dati personali in conformit\u00e0 con le disposizioni della legge 29\/2021, del 28 ottobre, qualificata sulla protezione dei dati personali.<\/p>\n<h2>4. Diritti in relazione ai tuoi dati personali<\/h2>\n<p>In conformit\u00e0 con le disposizioni della Legge 29\/2021, del 28 ottobre, Protezione Qualificata dei Dati Personali, e del Regolamento (UE) 679\/2016 del Parlamento Europeo e del Consiglio, del 27 aprile 2016, relativo alla protezione delle persone naturali persone rispetto al trattamento dei dati personali e alla libera circolazione degli stessi, LINKWEALTH CONSULTING La informa che, per esercitare i Suoi diritti di accesso, rettifica, cancellazione, limitazione del trattamento, portabilit\u00e0 e opposizione dei Suoi dati personali, riconosciuti dalla normativa sopra richiamata, \u00e8 necessario inviare una comunicazione scritta all&#8217;indirizzo email <a href=\"mailto:albertorossi@interlinkand.com\" target=\"_blank\" rel=\"nofollow noopener\">albertorossi@interlinkand.com&lt;\/a &gt;<\/a><\/p>\n<p>Allo stesso modo, potrete ottenere ulteriori informazioni sui vostri diritti rivolgendovi a un&#8217;autorit\u00e0 di controllo in materia di protezione dei dati, ovvero principalmente l&#8217;Agenzia per la protezione dei dati di Andorra e\/o l&#8217;autorit\u00e0 di controllo del vostro paese di residenza.<\/p>\n<h2>5. Sicurezza<\/h2>\n<p>LINKWEALTH CONSULTING ha un fermo impegno per la protezione dei dati personali e della privacy degli utenti di questo sito Web, pertanto, per proteggere i diversi tipi di dati personali riflessi nella presente informativa sulla privacy, adotter\u00e0 le necessarie misure di sicurezza tecniche per prevenire la sua perdita, manipolazione, diffusione o alterazione.<\/p>\n<h2>6. Modifiche all&#8217;Informativa sulla privacy<\/h2>\n<p>La presente informativa sulla privacy \u00e8 soggetta a modifiche periodiche in conformit\u00e0 con la legislazione applicabile di volta in volta. Pertanto, ti consigliamo di consultare frequentemente la presente informativa sulla privacy.<\/p>\n<p style=\"text-align: center;\"><strong>Ultimo aggiornamento: 1 aprile 2024<\/strong><\/p>\n","protected":false},"excerpt":{"rendered":"<p>1. Responsabile del trattamento Proprietario: Linkwealth Consulting, SLU (di seguito, &#8220;LINKWEALTH CONSULTING&#8221;) Indirizzo: Av. Carlemany 68, Escaldes Engordany, AD700 (Principato [&hellip;]<\/p>\n","protected":false},"author":1,"featured_media":1981,"parent":0,"menu_order":0,"comment_status":"closed","ping_status":"closed","template":"textos-legales.php","meta":{"site-sidebar-layout":"default","site-content-layout":"","ast-site-content-layout":"default","site-content-style":"default","site-sidebar-style":"default","ast-global-header-display":"","ast-banner-title-visibility":"","ast-main-header-display":"","ast-hfb-above-header-display":"","ast-hfb-below-header-display":"","ast-hfb-mobile-header-display":"","site-post-title":"","ast-breadcrumbs-content":"","ast-featured-img":"","footer-sml-layout":"","ast-disable-related-posts":"","theme-transparent-header-meta":"default","adv-header-id-meta":"","stick-header-meta":"default","header-above-stick-meta":"","header-main-stick-meta":"","header-below-stick-meta":"","astra-migrate-meta-layouts":"set","ast-page-background-enabled":"default","ast-page-background-meta":{"desktop":{"background-color":"var(--ast-global-color-4)","background-image":"","background-repeat":"repeat","background-position":"center center","background-size":"auto","background-attachment":"scroll","background-type":"","background-media":"","overlay-type":"","overlay-color":"","overlay-opacity":"","overlay-gradient":""},"tablet":{"background-color":"","background-image":"","background-repeat":"repeat","background-position":"center center","background-size":"auto","background-attachment":"scroll","background-type":"","background-media":"","overlay-type":"","overlay-color":"","overlay-opacity":"","overlay-gradient":""},"mobile":{"background-color":"","background-image":"","background-repeat":"repeat","background-position":"center center","background-size":"auto","background-attachment":"scroll","background-type":"","background-media":"","overlay-type":"","overlay-color":"","overlay-opacity":"","overlay-gradient":""}},"ast-content-background-meta":{"desktop":{"background-color":"var(--ast-global-color-5)","background-image":"","background-repeat":"repeat","background-position":"center center","background-size":"auto","background-attachment":"scroll","background-type":"","background-media":"","overlay-type":"","overlay-color":"","overlay-opacity":"","overlay-gradient":""},"tablet":{"background-color":"var(--ast-global-color-5)","background-image":"","background-repeat":"repeat","background-position":"center center","background-size":"auto","background-attachment":"scroll","background-type":"","background-media":"","overlay-type":"","overlay-color":"","overlay-opacity":"","overlay-gradient":""},"mobile":{"background-color":"var(--ast-global-color-5)","background-image":"","background-repeat":"repeat","background-position":"center center","background-size":"auto","background-attachment":"scroll","background-type":"","background-media":"","overlay-type":"","overlay-color":"","overlay-opacity":"","overlay-gradient":""}},"footnotes":""},"class_list":["post-2136","page","type-page","status-publish","has-post-thumbnail","hentry"],"_links":{"self":[{"href":"https:\/\/interlinkand.com\/it\/wp-json\/wp\/v2\/pages\/2136","targetHints":{"allow":["GET"]}}],"collection":[{"href":"https:\/\/interlinkand.com\/it\/wp-json\/wp\/v2\/pages"}],"about":[{"href":"https:\/\/interlinkand.com\/it\/wp-json\/wp\/v2\/types\/page"}],"author":[{"embeddable":true,"href":"https:\/\/interlinkand.com\/it\/wp-json\/wp\/v2\/users\/1"}],"replies":[{"embeddable":true,"href":"https:\/\/interlinkand.com\/it\/wp-json\/wp\/v2\/comments?post=2136"}],"version-history":[{"count":1,"href":"https:\/\/interlinkand.com\/it\/wp-json\/wp\/v2\/pages\/2136\/revisions"}],"predecessor-version":[{"id":2466,"href":"https:\/\/interlinkand.com\/it\/wp-json\/wp\/v2\/pages\/2136\/revisions\/2466"}],"wp:featuredmedia":[{"embeddable":true,"href":"https:\/\/interlinkand.com\/it\/wp-json\/wp\/v2\/media\/1981"}],"wp:attachment":[{"href":"https:\/\/interlinkand.com\/it\/wp-json\/wp\/v2\/media?parent=2136"}],"curies":[{"name":"wp","href":"https:\/\/api.w.org\/{rel}","templated":true}]}}